{"id":3,"date":"2019-03-18T20:36:09","date_gmt":"2019-03-18T20:36:09","guid":{"rendered":"http:\/\/ptnoroeste.mx\/?page_id=3"},"modified":"2022-06-08T17:09:52","modified_gmt":"2022-06-09T00:09:52","slug":"aviso-de-privacidad","status":"publish","type":"page","link":"https:\/\/ptnoroeste.mx\/index.php\/aviso-de-privacidad\/","title":{"rendered":"Aviso de Privacidad"},"content":{"rendered":"\t\t<div data-elementor-type=\"wp-post\" data-elementor-id=\"3\" class=\"elementor elementor-3\">\n\t\t\t\t\t\t<section class=\"elementor-section elementor-top-section elementor-element elementor-element-1148846b elementor-section-boxed elementor-section-height-default elementor-section-height-default\" data-id=\"1148846b\" data-element_type=\"section\" data-e-type=\"section\">\n\t\t\t\t\t\t<div class=\"elementor-container elementor-column-gap-default\">\n\t\t\t\t\t<div class=\"elementor-column elementor-col-100 elementor-top-column elementor-element elementor-element-570646d5\" data-id=\"570646d5\" data-element_type=\"column\" data-e-type=\"column\">\n\t\t\t<div class=\"elementor-widget-wrap elementor-element-populated\">\n\t\t\t\t\t\t<div class=\"elementor-element elementor-element-2898d6da elementor-widget elementor-widget-text-editor\" data-id=\"2898d6da\" data-element_type=\"widget\" data-e-type=\"widget\" data-widget_type=\"text-editor.default\">\n\t\t\t\t<div class=\"elementor-widget-container\">\n\t\t\t\t\t\t\t\t\t<p class=\"MsoNormal\" style=\"text-align: justify;\"><b>Proyectos de tecnolog\u00eda del noroeste <\/b>con domicilio en<b> Alboran # 14, Colonia\u00a0 Alegranza, C.P. 83287, Hermosillo Sonora<\/b>, \u00a0conforme a lo establecido en la Ley Federal de Protecci\u00f3n de Datos<b> en Posesi\u00f3n de Particulares<\/b>, pone a disposici\u00f3n de nuestros clientes, proveedores, empleados y p\u00fablico en general, nuestro Aviso de Privacidad.<\/p><p class=\"MsoNormal\" style=\"text-align: justify;\">Los datos personales que nos proporciona son utilizados estrictamente en la realizaci\u00f3n de funciones propias de nuestra empresa y <b>por ning\u00fan motivo ser\u00e1n transferidos a terceros<\/b>.<\/p><p class=\"MsoNormal\" style=\"text-align: justify;\">A nuestros <b>clientes<\/b> les solicitamos los siguientes datos personales:<\/p><p class=\"MsoListParagraphCxSpFirst\" style=\"text-align: justify; text-indent: -36.0pt; mso-text-indent-alt: -18.0pt; mso-list: l2 level1 lfo1;\"><!-- [if !supportLists]--><span style=\"font-variant-numeric: normal; font-variant-east-asian: normal; font-stretch: normal; font-size: 7pt; line-height: normal; font-family: 'Times New Roman';\">\u00a0\u00a0\u00a0\u00a0\u00a0\u00a0\u00a0 <\/span>I.<span style=\"font-variant-numeric: normal; font-variant-east-asian: normal; font-stretch: normal; font-size: 7pt; line-height: normal; font-family: 'Times New Roman';\">\u00a0\u00a0\u00a0\u00a0\u00a0\u00a0\u00a0\u00a0\u00a0\u00a0\u00a0 <\/span><!--[endif]-->Nombre, tel\u00e9fono, correo electr\u00f3nico y domicilio para facilitar el proceso de contrataci\u00f3n de nuestro servicio y\/o compra de nuestros productos.<\/p><p class=\"MsoListParagraphCxSpMiddle\" style=\"text-align: justify; text-indent: -36.0pt; mso-text-indent-alt: -18.0pt; mso-list: l2 level1 lfo1;\"><!-- [if !supportLists]--><span style=\"font-variant-numeric: normal; font-variant-east-asian: normal; font-stretch: normal; font-size: 7pt; line-height: normal; font-family: 'Times New Roman';\">\u00a0\u00a0\u00a0\u00a0\u00a0 <\/span>II.<span style=\"font-variant-numeric: normal; font-variant-east-asian: normal; font-stretch: normal; font-size: 7pt; line-height: normal; font-family: 'Times New Roman';\">\u00a0\u00a0\u00a0\u00a0\u00a0\u00a0\u00a0\u00a0\u00a0\u00a0\u00a0 <\/span><!--[endif]-->Datos financieros como n\u00famero de tarjeta de d\u00e9bito o cr\u00e9dito, nombre del titular, nombre de la instituci\u00f3n bancaria.<\/p><p class=\"MsoListParagraphCxSpLast\" style=\"text-align: justify; text-indent: -36.0pt; mso-text-indent-alt: -18.0pt; mso-list: l2 level1 lfo1;\"><!-- [if !supportLists]--><span style=\"font-variant-numeric: normal; font-variant-east-asian: normal; font-stretch: normal; font-size: 7pt; line-height: normal; font-family: 'Times New Roman';\">\u00a0\u00a0\u00a0 <\/span>III.<span style=\"font-variant-numeric: normal; font-variant-east-asian: normal; font-stretch: normal; font-size: 7pt; line-height: normal; font-family: 'Times New Roman';\">\u00a0\u00a0\u00a0\u00a0\u00a0\u00a0\u00a0\u00a0\u00a0\u00a0\u00a0 <\/span><!--[endif]-->RFC para completar los datos de facturaci\u00f3n y realizar el proceso en cuesti\u00f3n.<\/p><p class=\"MsoNormal\" style=\"text-align: justify;\">A nuestros <b>proveedores <\/b>solicitamos los siguientes datos personales:<\/p><p class=\"MsoListParagraph\" style=\"text-align: justify; text-indent: -36.0pt; mso-text-indent-alt: -18.0pt; mso-list: l0 level1 lfo2;\"><!-- [if !supportLists]--><span style=\"font-variant-numeric: normal; font-variant-east-asian: normal; font-stretch: normal; font-size: 7pt; line-height: normal; font-family: 'Times New Roman';\">\u00a0\u00a0\u00a0\u00a0\u00a0\u00a0\u00a0 <\/span>I.<span style=\"font-variant-numeric: normal; font-variant-east-asian: normal; font-stretch: normal; font-size: 7pt; line-height: normal; font-family: 'Times New Roman';\">\u00a0\u00a0\u00a0\u00a0\u00a0\u00a0\u00a0\u00a0\u00a0\u00a0\u00a0 <\/span><!--[endif]-->Nombre, tel\u00e9fono, correo electr\u00f3nico y domicilio para facilitar el proceso de contrataci\u00f3n de servicio y\/o compra de productos.<\/p><p class=\"MsoNormal\" style=\"text-align: justify;\">A nuestros <b>empleados <\/b>solicitamos los siguientes datos personales:<\/p><p class=\"MsoListParagraphCxSpFirst\" style=\"text-align: justify; text-indent: -36.0pt; mso-text-indent-alt: -18.0pt; mso-list: l1 level1 lfo3;\"><!-- [if !supportLists]--><span style=\"font-variant-numeric: normal; font-variant-east-asian: normal; font-stretch: normal; font-size: 7pt; line-height: normal; font-family: 'Times New Roman';\">\u00a0\u00a0\u00a0\u00a0\u00a0\u00a0\u00a0 <\/span>I.<span style=\"font-variant-numeric: normal; font-variant-east-asian: normal; font-stretch: normal; font-size: 7pt; line-height: normal; font-family: 'Times New Roman';\">\u00a0\u00a0\u00a0\u00a0\u00a0\u00a0\u00a0\u00a0\u00a0\u00a0\u00a0 <\/span><!--[endif]-->Nombre, tel\u00e9fono, correo electr\u00f3nico, domicilio, fecha y lugar de nacimiento.<\/p><p class=\"MsoListParagraphCxSpLast\" style=\"text-align: justify; text-indent: -36.0pt; mso-text-indent-alt: -18.0pt; mso-list: l1 level1 lfo3;\"><!-- [if !supportLists]--><span style=\"font-variant-numeric: normal; font-variant-east-asian: normal; font-stretch: normal; font-size: 7pt; line-height: normal; font-family: 'Times New Roman';\">\u00a0\u00a0\u00a0\u00a0\u00a0 <\/span>II.<span style=\"font-variant-numeric: normal; font-variant-east-asian: normal; font-stretch: normal; font-size: 7pt; line-height: normal; font-family: 'Times New Roman';\">\u00a0\u00a0\u00a0\u00a0\u00a0\u00a0\u00a0\u00a0\u00a0\u00a0\u00a0 <\/span><!--[endif]-->Antecedentes laborales, puesto, sueldo y motivo de terminaci\u00f3n laboral en los \u00faltimos cinco empleos.<\/p><p class=\"MsoNormal\" style=\"text-align: justify;\">Para prevenir el acceso no autorizado a sus datos personales y con el fin de asegurar que la informaci\u00f3n sea utilizada para los fines establecidos en este aviso de privacidad, hemos establecido diversos procedimientos con la finalidad de evitar el uso o divulgaci\u00f3n no autorizados de sus datos, permiti\u00e9ndonos tratarlos debidamente.<\/p><p class=\"MsoNormal\" style=\"text-align: justify;\">As\u00ed mismo, le informamos que sus datos personales pueden ser Transmitidos para ser tratados por personas distintas a esta empresa.<\/p><p class=\"MsoNormal\" style=\"text-align: justify;\">\u00a0Todos sus datos personales son tratados de acuerdo a la legislaci\u00f3n aplicable y vigente en el pa\u00eds, por ello le informamos que usted tiene en todo momento los derechos <b>(ARCO)<\/b> de acceder, rectificar, cancelar u oponerse al tratamiento que le damos a sus datos personales; derecho que podr\u00e1 hacer valer a trav\u00e9s del <b>\u00c1rea de Privacidad encargada de la seguridad de datos personales en el Tel\u00e9fono 6623017646 o por medio del correo electr\u00f3nico: <\/b><a href=\"mailto:contacto@ptnoroeste.mx\">contacto@ptnoroeste.mx<\/a><\/p><p class=\"MsoNormal\" style=\"text-align: justify;\">A trav\u00e9s de estos canales usted podr\u00e1 actualizar sus datos y especificar el medio por el cual desea recibir informaci\u00f3n, ya que en caso de no contar con esta especificaci\u00f3n de su parte, <b>Proyectos de tecnolog\u00eda del noroeste,<\/b> establecer\u00e1 libremente el canal que considere pertinente para enviarle informaci\u00f3n.<\/p><p>\u00a0<\/p><p class=\"MsoNormal\" style=\"text-align: justify;\">Este aviso de privacidad podr\u00e1 ser modificado por <b>Proyectos de tecnolog\u00eda del noroeste<\/b>, dichas modificaciones ser\u00e1n oportunamente informadas a trav\u00e9s de correo electr\u00f3nico, tel\u00e9fono, o cualquier otro medio de comunicaci\u00f3n que <b>Proyectos de tecnolog\u00eda del noroeste, <\/b>determine para tal efecto.\u00a0<\/p>\t\t\t\t\t\t\t\t<\/div>\n\t\t\t\t<\/div>\n\t\t\t\t\t<\/div>\n\t\t<\/div>\n\t\t\t\t\t<\/div>\n\t\t<\/section>\n\t\t\t\t<\/div>\n\t\t","protected":false},"excerpt":{"rendered":"<p>Proyectos de tecnolog\u00eda del noroeste con domicilio en Alboran # 14, Colonia\u00a0 Alegranza, C.P. 83287, Hermosillo Sonora, \u00a0conforme a lo establecido en la Ley Federal de Protecci\u00f3n de Datos en Posesi\u00f3n de Particulares, pone a disposici\u00f3n de nuestros clientes, proveedores, empleados y p\u00fablico en general, nuestro Aviso de Privacidad. Los datos personales que nos proporciona&hellip;&nbsp;<a href=\"https:\/\/ptnoroeste.mx\/index.php\/aviso-de-privacidad\/\" rel=\"bookmark\">Leer m\u00e1s &raquo;<span class=\"screen-reader-text\">Aviso de Privacidad<\/span><\/a><\/p>\n","protected":false},"author":1,"featured_media":0,"parent":0,"menu_order":0,"comment_status":"closed","ping_status":"closed","template":"","meta":{"neve_meta_sidebar":"","neve_meta_container":"","neve_meta_enable_content_width":"","neve_meta_content_width":70,"neve_meta_title_alignment":"","neve_meta_author_avatar":"","neve_post_elements_order":"","neve_meta_disable_header":"","neve_meta_disable_footer":"","neve_meta_disable_title":"","footnotes":""},"class_list":["post-3","page","type-page","status-publish","hentry"],"_links":{"self":[{"href":"https:\/\/ptnoroeste.mx\/index.php\/wp-json\/wp\/v2\/pages\/3","targetHints":{"allow":["GET"]}}],"collection":[{"href":"https:\/\/ptnoroeste.mx\/index.php\/wp-json\/wp\/v2\/pages"}],"about":[{"href":"https:\/\/ptnoroeste.mx\/index.php\/wp-json\/wp\/v2\/types\/page"}],"author":[{"embeddable":true,"href":"https:\/\/ptnoroeste.mx\/index.php\/wp-json\/wp\/v2\/users\/1"}],"replies":[{"embeddable":true,"href":"https:\/\/ptnoroeste.mx\/index.php\/wp-json\/wp\/v2\/comments?post=3"}],"version-history":[{"count":17,"href":"https:\/\/ptnoroeste.mx\/index.php\/wp-json\/wp\/v2\/pages\/3\/revisions"}],"predecessor-version":[{"id":912,"href":"https:\/\/ptnoroeste.mx\/index.php\/wp-json\/wp\/v2\/pages\/3\/revisions\/912"}],"wp:attachment":[{"href":"https:\/\/ptnoroeste.mx\/index.php\/wp-json\/wp\/v2\/media?parent=3"}],"curies":[{"name":"wp","href":"https:\/\/api.w.org\/{rel}","templated":true}]}}